{"id":7,"date":"2020-06-10T05:14:27","date_gmt":"2020-06-10T05:14:27","guid":{"rendered":"http:\/\/localhost\/biogreen\/?page_id=7"},"modified":"2026-04-16T12:11:13","modified_gmt":"2026-04-16T12:11:13","slug":"home","status":"publish","type":"page","link":"https:\/\/biogreen.shop\/en\/","title":{"rendered":"DESCUBRE TODA LA GAMA DE BIOGREEN"},"content":{"rendered":"<p>Biogreen Nutrients . Fundada en 1985 en un peque\u00f1o pueblo de Holanda . Creada con pasi\u00f3n y cari\u00f1o por dos amigos . <\/p>\r\n\r\n\r\n\r\n<p>Un emprendedor y un bi\u00f3logo . La combinaci\u00f3n  perfecta para crear un producto \u00fanico en el mercado. <\/p>","protected":false},"excerpt":{"rendered":"<p>Biogreen Nutrients . Fundada en 1985 en un peque\u00f1o pueblo de Holanda . Creada con pasi\u00f3n y cari\u00f1o por dos amigos . Un emprendedor y un bi\u00f3logo . La combinaci\u00f3n perfecta para crear un producto \u00fanico en el mercado.<\/p>\n","protected":false},"author":1,"featured_media":1458,"parent":0,"menu_order":0,"comment_status":"closed","ping_status":"closed","template":"page-home.php","meta":{"_bbp_topic_count":0,"_bbp_reply_count":0,"_bbp_total_topic_count":0,"_bbp_total_reply_count":0,"_bbp_voice_count":0,"_bbp_anonymous_reply_count":0,"_bbp_topic_count_hidden":0,"_bbp_reply_count_hidden":0,"_bbp_forum_subforum_count":0,"footnotes":""},"class_list":["post-7","page","type-page","status-publish","has-post-thumbnail","hentry"],"aioseo_notices":[],"_links":{"self":[{"href":"https:\/\/biogreen.shop\/en\/wp-json\/wp\/v2\/pages\/7","targetHints":{"allow":["GET"]}}],"collection":[{"href":"https:\/\/biogreen.shop\/en\/wp-json\/wp\/v2\/pages"}],"about":[{"href":"https:\/\/biogreen.shop\/en\/wp-json\/wp\/v2\/types\/page"}],"author":[{"embeddable":true,"href":"https:\/\/biogreen.shop\/en\/wp-json\/wp\/v2\/users\/1"}],"replies":[{"embeddable":true,"href":"https:\/\/biogreen.shop\/en\/wp-json\/wp\/v2\/comments?post=7"}],"version-history":[{"count":94,"href":"https:\/\/biogreen.shop\/en\/wp-json\/wp\/v2\/pages\/7\/revisions"}],"predecessor-version":[{"id":2391,"href":"https:\/\/biogreen.shop\/en\/wp-json\/wp\/v2\/pages\/7\/revisions\/2391"}],"wp:featuredmedia":[{"embeddable":true,"href":"https:\/\/biogreen.shop\/en\/wp-json\/wp\/v2\/media\/1458"}],"wp:attachment":[{"href":"https:\/\/biogreen.shop\/en\/wp-json\/wp\/v2\/media?parent=7"}],"curies":[{"name":"wp","href":"https:\/\/api.w.org\/{rel}","templated":true}]}}